{"id":1139,"date":"2024-09-19T19:26:47","date_gmt":"2024-09-19T19:26:47","guid":{"rendered":"https:\/\/nexsperu.com\/?page_id=1139"},"modified":"2024-09-19T19:31:26","modified_gmt":"2024-09-19T19:31:26","slug":"blog","status":"publish","type":"page","link":"https:\/\/nexsperu.com\/index.php\/blog\/","title":{"rendered":"BLOG"},"content":{"rendered":"\t\t<div data-elementor-type=\"wp-page\" data-elementor-id=\"1139\" class=\"elementor elementor-1139\" data-elementor-settings=\"[]\">\n\t\t\t\t\t\t\t<div class=\"elementor-section-wrap\">\n\t\t\t\t\t\t\t<section class=\"elementor-section elementor-top-section elementor-element elementor-element-b8d977d elementor-section-stretched elementor-section-boxed elementor-section-height-default elementor-section-height-default\" data-id=\"b8d977d\" data-element_type=\"section\" data-settings=\"{&quot;stretch_section&quot;:&quot;section-stretched&quot;,&quot;background_background&quot;:&quot;classic&quot;}\">\n\t\t\t\t\t\t\t<div class=\"elementor-background-overlay\"><\/div>\n\t\t\t\t\t\t\t<div class=\"elementor-container elementor-column-gap-default\">\n\t\t\t\t\t<div class=\"elementor-column elementor-col-100 elementor-top-column elementor-element elementor-element-e24395a\" data-id=\"e24395a\" data-element_type=\"column\">\n\t\t\t<div class=\"elementor-widget-wrap elementor-element-populated\">\n\t\t\t\t\t\t\t\t<div class=\"elementor-element elementor-element-25f0a10 elementor-widget elementor-widget-heading\" data-id=\"25f0a10\" data-element_type=\"widget\" data-widget_type=\"heading.default\">\n\t\t\t\t<div class=\"elementor-widget-container\">\n\t\t\t<h2 class=\"elementor-heading-title elementor-size-default\">Blog y noticias<\/h2>\t\t<\/div>\n\t\t\t\t<\/div>\n\t\t\t\t\t<\/div>\n\t\t<\/div>\n\t\t\t\t\t\t\t<\/div>\n\t\t<\/section>\n\t\t\t\t<section class=\"elementor-section elementor-top-section elementor-element elementor-element-75bea06 elementor-section-stretched elementor-section-boxed elementor-section-height-default elementor-section-height-default\" data-id=\"75bea06\" data-element_type=\"section\" data-settings=\"{&quot;stretch_section&quot;:&quot;section-stretched&quot;}\">\n\t\t\t\t\t\t<div class=\"elementor-container elementor-column-gap-default\">\n\t\t\t\t\t<div class=\"elementor-column elementor-col-100 elementor-top-column elementor-element elementor-element-d032a50\" data-id=\"d032a50\" data-element_type=\"column\">\n\t\t\t<div class=\"elementor-widget-wrap elementor-element-populated\">\n\t\t\t\t\t\t\t\t<div class=\"elementor-element elementor-element-4aedc5d elementor-widget elementor-widget-mfn_blog\" data-id=\"4aedc5d\" data-element_type=\"widget\" data-widget_type=\"mfn_blog.default\">\n\t\t\t\t<div class=\"elementor-widget-container\">\n\t\t\t<div class=\"column_filters\"><div class=\"blog_wrapper isotope_wrapper clearfix\"><div class=\"posts_group lm_wrapper col-3 grid hide-more\"><div class=\"post-item isotope-item clearfix post-1130 post type-post status-publish format-standard has-post-thumbnail hentry category-sin-categoria\" style=\"\"><div class=\"date_label\">19 de septiembre de 2024<\/div><div class=\"image_frame post-photo-wrapper scale-with-grid image\"><div class=\"image_wrapper\"><a href=\"https:\/\/nexsperu.com\/index.php\/2024\/09\/19\/soluciones-para-mejorar-la-conectividad-en-zonas-rurales\/\"><div class=\"mask\"><\/div><img width=\"960\" height=\"720\" src=\"https:\/\/nexsperu.com\/wp-content\/uploads\/2024\/09\/DALL\u00b7E-2024-09-19-14.23.31-A-rural-landscape-with-small-houses-scattered-across-hills-and-fields-connected-by-advanced-telecommunications-technology.-Satellite-dishes-and-anten-960x720.webp\" class=\"scale-with-grid wp-post-image\" alt=\"\" loading=\"lazy\" \/><\/a><div class=\"image_links double\"><a href=\"https:\/\/nexsperu.com\/wp-content\/uploads\/2024\/09\/DALL\u00b7E-2024-09-19-14.23.31-A-rural-landscape-with-small-houses-scattered-across-hills-and-fields-connected-by-advanced-telecommunications-technology.-Satellite-dishes-and-anten-1024x1024.webp\" class=\"zoom\" rel=\"prettyphoto\"><i class=\"icon-search\"><\/i><\/a><a href=\"https:\/\/nexsperu.com\/index.php\/2024\/09\/19\/soluciones-para-mejorar-la-conectividad-en-zonas-rurales\/\" class=\"link\"><i class=\"icon-link\"><\/i><\/a><\/div><\/div><\/div><div class=\"post-desc-wrapper bg-\" style=\"\"><div class=\"post-desc\"><div class=\"post-head\"><div class=\"post-meta clearfix\"><div class=\"author-date\"><span class=\"vcard author post-author\"><span class=\"label\">Published by <\/span><i class=\"icon-user\"><\/i> <span class=\"fn\"><a href=\"https:\/\/nexsperu.com\/index.php\/author\/admin-mats\/\">Matscom<\/a><\/span><\/span> <span class=\"date\"><span class=\"label\">on <\/span><i class=\"icon-clock\"><\/i> <span class=\"post-date updated\">19 de septiembre de 2024<\/span><\/span><\/div><div class=\"category\"><span class=\"cat-btn\">Categories <i class=\"icon-down-dir\"><\/i><\/span><div class=\"cat-wrapper\"><ul class=\"post-categories\">\n\t<li><a href=\"https:\/\/nexsperu.com\/index.php\/category\/sin-categoria\/\" rel=\"category tag\">Sin categor\u00eda<\/a><\/li><\/ul><\/div><\/div><\/div><\/div><div class=\"post-title\"><h4 class=\"entry-title\" itemprop=\"headline\"><a href=\"https:\/\/nexsperu.com\/index.php\/2024\/09\/19\/soluciones-para-mejorar-la-conectividad-en-zonas-rurales\/\">Soluciones para mejorar la conectividad en zonas rurales<\/a><\/h4><\/div><div class=\"post-excerpt\">La conectividad en zonas rurales ha sido un desaf\u00edo durante a\u00f1os, pero con los avances tecnol\u00f3gicos y las nuevas soluciones en telecomunicaciones, es posible cerrar la<span class=\"excerpt-hellip\"> [\u2026]<\/span><\/div><div class=\"post-footer\"><div class=\"button-love\"><span class=\"love-text\">Do you like it?<\/span><a href=\"#\" class=\"mfn-love \" data-id=\"1130\"><span class=\"icons-wrapper\"><i class=\"icon-heart-empty-fa\"><\/i><i class=\"icon-heart-fa\"><\/i><\/span><span class=\"label\">0<\/span><\/a><\/div><div class=\"post-links\"><i class=\"icon-comment-empty-fa\"><\/i> <a href=\"https:\/\/nexsperu.com\/index.php\/2024\/09\/19\/soluciones-para-mejorar-la-conectividad-en-zonas-rurales\/#respond\" class=\"post-comments\">0<\/a><i class=\"icon-doc-text\"><\/i> <a href=\"https:\/\/nexsperu.com\/index.php\/2024\/09\/19\/soluciones-para-mejorar-la-conectividad-en-zonas-rurales\/\" class=\"post-more\">Read more<\/a><\/div><\/div><\/div><\/div><\/div><div class=\"post-item isotope-item clearfix post-1126 post type-post status-publish format-standard has-post-thumbnail hentry category-sin-categoria\" style=\"\"><div class=\"date_label\">19 de septiembre de 2024<\/div><div class=\"image_frame post-photo-wrapper scale-with-grid image\"><div class=\"image_wrapper\"><a href=\"https:\/\/nexsperu.com\/index.php\/2024\/09\/19\/como-hacer-que-tu-red-de-telecomunicaciones-sea-mas-segura-en-2024\/\"><div class=\"mask\"><\/div><img width=\"960\" height=\"720\" src=\"https:\/\/nexsperu.com\/wp-content\/uploads\/2024\/09\/Leonardo_Phoenix_Una_red_de_datos_representada_con_lneas_inter_3-960x720.jpg\" class=\"scale-with-grid wp-post-image\" alt=\"\" loading=\"lazy\" \/><\/a><div class=\"image_links double\"><a href=\"https:\/\/nexsperu.com\/wp-content\/uploads\/2024\/09\/Leonardo_Phoenix_Una_red_de_datos_representada_con_lneas_inter_3-1024x572.jpg\" class=\"zoom\" rel=\"prettyphoto\"><i class=\"icon-search\"><\/i><\/a><a href=\"https:\/\/nexsperu.com\/index.php\/2024\/09\/19\/como-hacer-que-tu-red-de-telecomunicaciones-sea-mas-segura-en-2024\/\" class=\"link\"><i class=\"icon-link\"><\/i><\/a><\/div><\/div><\/div><div class=\"post-desc-wrapper bg-\" style=\"\"><div class=\"post-desc\"><div class=\"post-head\"><div class=\"post-meta clearfix\"><div class=\"author-date\"><span class=\"vcard author post-author\"><span class=\"label\">Published by <\/span><i class=\"icon-user\"><\/i> <span class=\"fn\"><a href=\"https:\/\/nexsperu.com\/index.php\/author\/admin-mats\/\">Matscom<\/a><\/span><\/span> <span class=\"date\"><span class=\"label\">on <\/span><i class=\"icon-clock\"><\/i> <span class=\"post-date updated\">19 de septiembre de 2024<\/span><\/span><\/div><div class=\"category\"><span class=\"cat-btn\">Categories <i class=\"icon-down-dir\"><\/i><\/span><div class=\"cat-wrapper\"><ul class=\"post-categories\">\n\t<li><a href=\"https:\/\/nexsperu.com\/index.php\/category\/sin-categoria\/\" rel=\"category tag\">Sin categor\u00eda<\/a><\/li><\/ul><\/div><\/div><\/div><\/div><div class=\"post-title\"><h4 class=\"entry-title\" itemprop=\"headline\"><a href=\"https:\/\/nexsperu.com\/index.php\/2024\/09\/19\/como-hacer-que-tu-red-de-telecomunicaciones-sea-mas-segura-en-2024\/\">C\u00f3mo hacer que tu red  de telecomunicaciones sea m\u00e1s segura en 2024<\/a><\/h4><\/div><div class=\"post-excerpt\">En 2024, la seguridad de las redes de telecomunicaciones sigue siendo un desaf\u00edo clave para empresas de todos los tama\u00f1os. Los ciberdelincuentes contin\u00faan perfeccionando sus t\u00e9cnicas,<span class=\"excerpt-hellip\"> [\u2026]<\/span><\/div><div class=\"post-footer\"><div class=\"button-love\"><span class=\"love-text\">Do you like it?<\/span><a href=\"#\" class=\"mfn-love \" data-id=\"1126\"><span class=\"icons-wrapper\"><i class=\"icon-heart-empty-fa\"><\/i><i class=\"icon-heart-fa\"><\/i><\/span><span class=\"label\">0<\/span><\/a><\/div><div class=\"post-links\"><i class=\"icon-comment-empty-fa\"><\/i> <a href=\"https:\/\/nexsperu.com\/index.php\/2024\/09\/19\/como-hacer-que-tu-red-de-telecomunicaciones-sea-mas-segura-en-2024\/#respond\" class=\"post-comments\">0<\/a><i class=\"icon-doc-text\"><\/i> <a href=\"https:\/\/nexsperu.com\/index.php\/2024\/09\/19\/como-hacer-que-tu-red-de-telecomunicaciones-sea-mas-segura-en-2024\/\" class=\"post-more\">Read more<\/a><\/div><\/div><\/div><\/div><\/div><div class=\"post-item isotope-item clearfix post-1122 post type-post status-publish format-standard has-post-thumbnail hentry category-sin-categoria\" style=\"\"><div class=\"date_label\">19 de septiembre de 2024<\/div><div class=\"image_frame post-photo-wrapper scale-with-grid image\"><div class=\"image_wrapper\"><a href=\"https:\/\/nexsperu.com\/index.php\/2024\/09\/19\/5-formas-de-optimizar-tu-red-de-telecomunicaciones\/\"><div class=\"mask\"><\/div><img width=\"960\" height=\"720\" src=\"https:\/\/nexsperu.com\/wp-content\/uploads\/2024\/09\/Leonardo_Phoenix_Una_oficina_moderna_con_mltiples_equipos_de_t_0-960x720.jpg\" class=\"scale-with-grid wp-post-image\" alt=\"\" loading=\"lazy\" \/><\/a><div class=\"image_links double\"><a href=\"https:\/\/nexsperu.com\/wp-content\/uploads\/2024\/09\/Leonardo_Phoenix_Una_oficina_moderna_con_mltiples_equipos_de_t_0-1024x572.jpg\" class=\"zoom\" rel=\"prettyphoto\"><i class=\"icon-search\"><\/i><\/a><a href=\"https:\/\/nexsperu.com\/index.php\/2024\/09\/19\/5-formas-de-optimizar-tu-red-de-telecomunicaciones\/\" class=\"link\"><i class=\"icon-link\"><\/i><\/a><\/div><\/div><\/div><div class=\"post-desc-wrapper bg-\" style=\"\"><div class=\"post-desc\"><div class=\"post-head\"><div class=\"post-meta clearfix\"><div class=\"author-date\"><span class=\"vcard author post-author\"><span class=\"label\">Published by <\/span><i class=\"icon-user\"><\/i> <span class=\"fn\"><a href=\"https:\/\/nexsperu.com\/index.php\/author\/admin-mats\/\">Matscom<\/a><\/span><\/span> <span class=\"date\"><span class=\"label\">on <\/span><i class=\"icon-clock\"><\/i> <span class=\"post-date updated\">19 de septiembre de 2024<\/span><\/span><\/div><div class=\"category\"><span class=\"cat-btn\">Categories <i class=\"icon-down-dir\"><\/i><\/span><div class=\"cat-wrapper\"><ul class=\"post-categories\">\n\t<li><a href=\"https:\/\/nexsperu.com\/index.php\/category\/sin-categoria\/\" rel=\"category tag\">Sin categor\u00eda<\/a><\/li><\/ul><\/div><\/div><\/div><\/div><div class=\"post-title\"><h4 class=\"entry-title\" itemprop=\"headline\"><a href=\"https:\/\/nexsperu.com\/index.php\/2024\/09\/19\/5-formas-de-optimizar-tu-red-de-telecomunicaciones\/\">5 Formas de Optimizar tu Red de Telecomunicaciones<\/a><\/h4><\/div><div class=\"post-excerpt\">En el mundo empresarial actual, contar con una red de telecomunicaciones eficiente es clave para garantizar una conectividad r\u00e1pida y segura. Sin embargo, muchas veces las<span class=\"excerpt-hellip\"> [\u2026]<\/span><\/div><div class=\"post-footer\"><div class=\"button-love\"><span class=\"love-text\">Do you like it?<\/span><a href=\"#\" class=\"mfn-love \" data-id=\"1122\"><span class=\"icons-wrapper\"><i class=\"icon-heart-empty-fa\"><\/i><i class=\"icon-heart-fa\"><\/i><\/span><span class=\"label\">0<\/span><\/a><\/div><div class=\"post-links\"><i class=\"icon-comment-empty-fa\"><\/i> <a href=\"https:\/\/nexsperu.com\/index.php\/2024\/09\/19\/5-formas-de-optimizar-tu-red-de-telecomunicaciones\/#respond\" class=\"post-comments\">0<\/a><i class=\"icon-doc-text\"><\/i> <a href=\"https:\/\/nexsperu.com\/index.php\/2024\/09\/19\/5-formas-de-optimizar-tu-red-de-telecomunicaciones\/\" class=\"post-more\">Read more<\/a><\/div><\/div><\/div><\/div><\/div><\/div><\/div>\n<\/div>\n\t\t<\/div>\n\t\t\t\t<\/div>\n\t\t\t\t\t<\/div>\n\t\t<\/div>\n\t\t\t\t\t\t\t<\/div>\n\t\t<\/section>\n\t\t\t\t\t\t<\/div>\n\t\t\t\t\t<\/div>\n\t\t","protected":false},"excerpt":{"rendered":"<p>Blog y noticias 19 de septiembre de 2024Published by Matscom on 19 de septiembre de 2024Categories Sin categor\u00eda Soluciones para mejorar la conectividad en zonas rurales<span class=\"excerpt-hellip\"> [\u2026]<\/span><\/p>\n","protected":false},"author":1,"featured_media":0,"parent":0,"menu_order":0,"comment_status":"closed","ping_status":"closed","template":"elementor_header_footer","meta":{"_monsterinsights_skip_tracking":false,"_monsterinsights_sitenote_active":false,"_monsterinsights_sitenote_note":"","_monsterinsights_sitenote_category":0},"yst_prominent_words":[],"_links":{"self":[{"href":"https:\/\/nexsperu.com\/index.php\/wp-json\/wp\/v2\/pages\/1139"}],"collection":[{"href":"https:\/\/nexsperu.com\/index.php\/wp-json\/wp\/v2\/pages"}],"about":[{"href":"https:\/\/nexsperu.com\/index.php\/wp-json\/wp\/v2\/types\/page"}],"author":[{"embeddable":true,"href":"https:\/\/nexsperu.com\/index.php\/wp-json\/wp\/v2\/users\/1"}],"replies":[{"embeddable":true,"href":"https:\/\/nexsperu.com\/index.php\/wp-json\/wp\/v2\/comments?post=1139"}],"version-history":[{"count":7,"href":"https:\/\/nexsperu.com\/index.php\/wp-json\/wp\/v2\/pages\/1139\/revisions"}],"predecessor-version":[{"id":1146,"href":"https:\/\/nexsperu.com\/index.php\/wp-json\/wp\/v2\/pages\/1139\/revisions\/1146"}],"wp:attachment":[{"href":"https:\/\/nexsperu.com\/index.php\/wp-json\/wp\/v2\/media?parent=1139"}],"wp:term":[{"taxonomy":"yst_prominent_words","embeddable":true,"href":"https:\/\/nexsperu.com\/index.php\/wp-json\/wp\/v2\/yst_prominent_words?post=1139"}],"curies":[{"name":"wp","href":"https:\/\/api.w.org\/{rel}","templated":true}]}}