{"id":1011,"date":"2024-08-18T18:27:17","date_gmt":"2024-08-18T18:27:17","guid":{"rendered":"https:\/\/nexsperu.com\/?post_type=product&#038;p=1011"},"modified":"2024-08-18T18:30:09","modified_gmt":"2024-08-18T18:30:09","slug":"transmisor-fm-100w-bii","status":"publish","type":"product","link":"https:\/\/nexsperu.com\/index.php\/producto\/transmisor-fm-100w-bii\/","title":{"rendered":"Transmisor Fm 100w BII"},"content":{"rendered":"<p>Pantalla lcd para una f\u00e1cil definici\u00f3n de Par\u00e1metros de ajuste y lectura.<\/p>\n<p>Potencia de salida: 100 W ajustable desde el panel frontal.<br \/>\nImpedancia de salida RF: 50 ohmios.<br \/>\nConector de Salida RF: Tipo \u201cN\u201d.<br \/>\nMonitor RF: conector BNC.<br \/>\nVSWR: 1:1<br \/>\nRango de Frecuencia: 88 \u00f7 108MHz.<br \/>\nProgramable en pasos de 10 kHz.<br \/>\nEstabilidad de frecuencia: \u00b11 ppm de -5 a 55\u00b0C.<br \/>\nReferencia Externa: Panel posterior del conector BNC de 10 Mhz.<br \/>\nTipo de Modulaci\u00f3n: s\u00edntesis anal\u00f3gica.<br \/>\nAtenuaci\u00f3n de bloqueo de apagado: \u2265 -80 dBc.<br \/>\nCapacidad de modulaci\u00f3n: \u00b1150 KHz.<br \/>\nLimitador incorporado<\/p>\n","protected":false},"excerpt":{"rendered":"<a class=\"button  button_size_2\" href=\"https:\/\/nexsperu.com\/wp-content\/uploads\/2024\/08\/fm-100w.pdf\" target=\"_blank\"   ><span class=\"button_label\">VER FICHA TECNICA<\/span><\/a>\n\n","protected":false},"featured_media":1012,"comment_status":"open","ping_status":"closed","template":"","meta":{"_monsterinsights_skip_tracking":false,"_monsterinsights_sitenote_active":false,"_monsterinsights_sitenote_note":"","_monsterinsights_sitenote_category":0},"product_cat":[80],"product_tag":[],"yst_prominent_words":[],"_links":{"self":[{"href":"https:\/\/nexsperu.com\/index.php\/wp-json\/wp\/v2\/product\/1011"}],"collection":[{"href":"https:\/\/nexsperu.com\/index.php\/wp-json\/wp\/v2\/product"}],"about":[{"href":"https:\/\/nexsperu.com\/index.php\/wp-json\/wp\/v2\/types\/product"}],"replies":[{"embeddable":true,"href":"https:\/\/nexsperu.com\/index.php\/wp-json\/wp\/v2\/comments?post=1011"}],"wp:featuredmedia":[{"embeddable":true,"href":"https:\/\/nexsperu.com\/index.php\/wp-json\/wp\/v2\/media\/1012"}],"wp:attachment":[{"href":"https:\/\/nexsperu.com\/index.php\/wp-json\/wp\/v2\/media?parent=1011"}],"wp:term":[{"taxonomy":"product_cat","embeddable":true,"href":"https:\/\/nexsperu.com\/index.php\/wp-json\/wp\/v2\/product_cat?post=1011"},{"taxonomy":"product_tag","embeddable":true,"href":"https:\/\/nexsperu.com\/index.php\/wp-json\/wp\/v2\/product_tag?post=1011"},{"taxonomy":"yst_prominent_words","embeddable":true,"href":"https:\/\/nexsperu.com\/index.php\/wp-json\/wp\/v2\/yst_prominent_words?post=1011"}],"curies":[{"name":"wp","href":"https:\/\/api.w.org\/{rel}","templated":true}]}}