{"id":1021,"date":"2024-08-18T18:39:15","date_gmt":"2024-08-18T18:39:15","guid":{"rendered":"https:\/\/nexsperu.com\/?post_type=product&#038;p=1021"},"modified":"2024-08-18T18:41:54","modified_gmt":"2024-08-18T18:41:54","slug":"transmisor-nx-100-biii","status":"publish","type":"product","link":"https:\/\/nexsperu.com\/index.php\/producto\/transmisor-nx-100-biii\/","title":{"rendered":"Transmisor NX 100 BIII"},"content":{"rendered":"<p>Pantalla color lcd para una f\u00e1cil definici\u00f3n de par\u00e1metros de ajuste y lectura<br \/>\n*extremadamente baja distorsi\u00f3n: thd, imd y tim<br \/>\n*entradas xlr ,bnc, audio\/video ip<br \/>\n* par\u00e1metros (canal, potencia, potencia,directa,reflejada,voltaje,amperaje,temperatura,<br \/>\nvideo,audio,alarma) que permiten almacenar configuraciones diferentes<br \/>\n*listo para sistemas n + 1<br \/>\n*completamente de banda ancha (AGIL)<br \/>\n*amplificadores de rf utilizando la \u00faltima generaci\u00f3n de semiconductores depotencia de rf ldmos<br \/>\n*control de potencia autom\u00e1tico (apc)<br \/>\n*potencia de salida nominal rf 50 w. ajustable desde 0 hasta 50 w<br \/>\n*filtro pasbanda<br \/>\n*alta pureza espectral<br \/>\n*cumple con normativas del MTC<\/p>\n<p>&nbsp;<\/p>\n","protected":false},"excerpt":{"rendered":"<a class=\"button  button_size_2\" href=\"https:\/\/nexsperu.com\/wp-content\/uploads\/2024\/08\/NX100-BIII.pdf\" target=\"_blank\"   ><span class=\"button_label\">VER FICHA TECNICA<\/span><\/a>\n\n","protected":false},"featured_media":1022,"comment_status":"open","ping_status":"closed","template":"","meta":{"_monsterinsights_skip_tracking":false,"_monsterinsights_sitenote_active":false,"_monsterinsights_sitenote_note":"","_monsterinsights_sitenote_category":0},"product_cat":[80],"product_tag":[],"yst_prominent_words":[],"_links":{"self":[{"href":"https:\/\/nexsperu.com\/index.php\/wp-json\/wp\/v2\/product\/1021"}],"collection":[{"href":"https:\/\/nexsperu.com\/index.php\/wp-json\/wp\/v2\/product"}],"about":[{"href":"https:\/\/nexsperu.com\/index.php\/wp-json\/wp\/v2\/types\/product"}],"replies":[{"embeddable":true,"href":"https:\/\/nexsperu.com\/index.php\/wp-json\/wp\/v2\/comments?post=1021"}],"wp:featuredmedia":[{"embeddable":true,"href":"https:\/\/nexsperu.com\/index.php\/wp-json\/wp\/v2\/media\/1022"}],"wp:attachment":[{"href":"https:\/\/nexsperu.com\/index.php\/wp-json\/wp\/v2\/media?parent=1021"}],"wp:term":[{"taxonomy":"product_cat","embeddable":true,"href":"https:\/\/nexsperu.com\/index.php\/wp-json\/wp\/v2\/product_cat?post=1021"},{"taxonomy":"product_tag","embeddable":true,"href":"https:\/\/nexsperu.com\/index.php\/wp-json\/wp\/v2\/product_tag?post=1021"},{"taxonomy":"yst_prominent_words","embeddable":true,"href":"https:\/\/nexsperu.com\/index.php\/wp-json\/wp\/v2\/yst_prominent_words?post=1021"}],"curies":[{"name":"wp","href":"https:\/\/api.w.org\/{rel}","templated":true}]}}