{"id":144,"date":"2021-10-03T00:41:40","date_gmt":"2021-10-03T00:41:40","guid":{"rendered":"http:\/\/nexsperu.com\/?post_type=product&#038;p=144"},"modified":"2021-10-03T00:43:12","modified_gmt":"2021-10-03T00:43:12","slug":"transmisor-de-tv-vhf-500-w-mod-gc500","status":"publish","type":"product","link":"https:\/\/nexsperu.com\/index.php\/producto\/transmisor-de-tv-vhf-500-w-mod-gc500\/","title":{"rendered":"Transmisor de TV &#8211; VHF 500 W MOD. GC500"},"content":{"rendered":"<p>Amplificador de TV VHF DE 500W Marca GISCAR, Mod. GC-500, estado SOLIDO, con tecnolog\u00eda LCD con 2 tarjetas importadas P400 (P400-VHF-BAND-I-III) de fabricaci\u00f3n BROADCAST CONCEPTS con 1 Spliter 1X2 y 1 Combinador 1X2 de fabricaci\u00f3n BROADCAST CONCEPTS, con 2 Fuentes Switching 500W Single Output con PFC Function (SKSP-500) en marca ZONZEN para el amplificador.<\/p>\n","protected":false},"excerpt":{"rendered":"<a class=\"button  button_size_2\" href=\"http:\/\/www.transmisoresperu.com\/datasheets\/transmisores\/transmisoresvhf\/tvvhf500.pdf\" target=\"_blank\"   ><span class=\"button_label\">VER FICHA T\u00c9CNICA<\/span><\/a>\n\n","protected":false},"featured_media":120,"comment_status":"open","ping_status":"closed","template":"","meta":{"_monsterinsights_skip_tracking":false,"_monsterinsights_sitenote_active":false,"_monsterinsights_sitenote_note":"","_monsterinsights_sitenote_category":0},"product_cat":[72],"product_tag":[],"yst_prominent_words":[],"_links":{"self":[{"href":"https:\/\/nexsperu.com\/index.php\/wp-json\/wp\/v2\/product\/144"}],"collection":[{"href":"https:\/\/nexsperu.com\/index.php\/wp-json\/wp\/v2\/product"}],"about":[{"href":"https:\/\/nexsperu.com\/index.php\/wp-json\/wp\/v2\/types\/product"}],"replies":[{"embeddable":true,"href":"https:\/\/nexsperu.com\/index.php\/wp-json\/wp\/v2\/comments?post=144"}],"wp:featuredmedia":[{"embeddable":true,"href":"https:\/\/nexsperu.com\/index.php\/wp-json\/wp\/v2\/media\/120"}],"wp:attachment":[{"href":"https:\/\/nexsperu.com\/index.php\/wp-json\/wp\/v2\/media?parent=144"}],"wp:term":[{"taxonomy":"product_cat","embeddable":true,"href":"https:\/\/nexsperu.com\/index.php\/wp-json\/wp\/v2\/product_cat?post=144"},{"taxonomy":"product_tag","embeddable":true,"href":"https:\/\/nexsperu.com\/index.php\/wp-json\/wp\/v2\/product_tag?post=144"},{"taxonomy":"yst_prominent_words","embeddable":true,"href":"https:\/\/nexsperu.com\/index.php\/wp-json\/wp\/v2\/yst_prominent_words?post=144"}],"curies":[{"name":"wp","href":"https:\/\/api.w.org\/{rel}","templated":true}]}}