{"id":456,"date":"2021-11-04T22:32:13","date_gmt":"2021-11-04T22:32:13","guid":{"rendered":"http:\/\/nexsperu.com\/?post_type=product&#038;p=456"},"modified":"2021-11-04T22:49:03","modified_gmt":"2021-11-04T22:49:03","slug":"transmisor-de-tv-en-vhf-baja-potencia-500wtts","status":"publish","type":"product","link":"https:\/\/nexsperu.com\/index.php\/producto\/transmisor-de-tv-en-vhf-baja-potencia-500wtts\/","title":{"rendered":"TRANSMISOR DE TV EN VHF BAJA POTENCIA 500WTTS"},"content":{"rendered":"<p>El transmisor v\u00eddeo anal\u00f3gico VHF de MT-500W BIII que funciona en banda VHF (170-216 MHz). Soporta varios est\u00e1ndares de TV como, NTSC, SECAM, el MT-500W BIII es un transmisor compuesto por un Driver,amplificador de potencia ,un modulador agil , sus caracter\u00edsticas principales incluyen m\u00faltiples niveles de potencia, alta fiabilidad, proceso simple en Instalaci\u00f3n y depuraci\u00f3n<\/p>\n","protected":false},"excerpt":{"rendered":"<a class=\"button  button_size_2\" href=\"http:\/\/nexsperu.com\/wp-content\/uploads\/2021\/11\/TRANSMIOSR-DE-TV-EN-VHF-500WTTS-MATSCOM1.pdf\" target=\"_blank\"   ><span class=\"button_label\">Ver ficha t\u00e9cnica<\/span><\/a>\n\n","protected":false},"featured_media":457,"comment_status":"open","ping_status":"closed","template":"","meta":{"_monsterinsights_skip_tracking":false,"_monsterinsights_sitenote_active":false,"_monsterinsights_sitenote_note":"","_monsterinsights_sitenote_category":0},"product_cat":[72],"product_tag":[],"yst_prominent_words":[],"_links":{"self":[{"href":"https:\/\/nexsperu.com\/index.php\/wp-json\/wp\/v2\/product\/456"}],"collection":[{"href":"https:\/\/nexsperu.com\/index.php\/wp-json\/wp\/v2\/product"}],"about":[{"href":"https:\/\/nexsperu.com\/index.php\/wp-json\/wp\/v2\/types\/product"}],"replies":[{"embeddable":true,"href":"https:\/\/nexsperu.com\/index.php\/wp-json\/wp\/v2\/comments?post=456"}],"wp:featuredmedia":[{"embeddable":true,"href":"https:\/\/nexsperu.com\/index.php\/wp-json\/wp\/v2\/media\/457"}],"wp:attachment":[{"href":"https:\/\/nexsperu.com\/index.php\/wp-json\/wp\/v2\/media?parent=456"}],"wp:term":[{"taxonomy":"product_cat","embeddable":true,"href":"https:\/\/nexsperu.com\/index.php\/wp-json\/wp\/v2\/product_cat?post=456"},{"taxonomy":"product_tag","embeddable":true,"href":"https:\/\/nexsperu.com\/index.php\/wp-json\/wp\/v2\/product_tag?post=456"},{"taxonomy":"yst_prominent_words","embeddable":true,"href":"https:\/\/nexsperu.com\/index.php\/wp-json\/wp\/v2\/yst_prominent_words?post=456"}],"curies":[{"name":"wp","href":"https:\/\/api.w.org\/{rel}","templated":true}]}}