{"id":460,"date":"2021-11-04T22:35:11","date_gmt":"2021-11-04T22:35:11","guid":{"rendered":"http:\/\/nexsperu.com\/?post_type=product&#038;p=460"},"modified":"2023-12-14T01:48:14","modified_gmt":"2023-12-14T01:48:14","slug":"blue-plus-100-lcd","status":"publish","type":"product","link":"https:\/\/nexsperu.com\/index.php\/producto\/blue-plus-100-lcd\/","title":{"rendered":"BLUE PLUS 100 LCD"},"content":{"rendered":"<ul>\n<li>PANTALLA T\u00c1CTIL A COLOR LCD PARA UNA F\u00c1CIL DEFINICI\u00d3N DE PAR\u00c1METROS DE AJUSTE<br \/>\nY LECTURA<\/li>\n<li>EXTREMADAMENTE BAJA DISTORSI\u00d3N: THD, IMD Y TIM<\/li>\n<li>EST\u00c9REO DE MUY ALTAS CARACTER\u00cdSTICAS: SEPARACI\u00d3N TYP. 60 DB<\/li>\n<li>ENTRADAS L \/R, RDS\/SCA, AUX, MPX, AES-EBU (XLR Y \u00d3PTICA), AUDIO IP<\/li>\n<li>SEIS MEMORIAS DE PAR\u00c1METROS DISPONIBLES (FRECUENCIA, SENSIBILIDAD, POTENCIA, ETC.) QUE PERMITEN ALMACENAR CONFIGURACIONES DIFERENTES<\/li>\n<\/ul>\n","protected":false},"excerpt":{"rendered":"<a class=\"button  button_size_2\" href=\"http:\/\/nexsperu.com\/wp-content\/uploads\/2021\/11\/TX-VHF-VIMESA-BluePlus_100LCD.pdf\" target=\"_blank\"   ><span class=\"button_label\">Ver ficha t\u00e9cnica<\/span><\/a>\n\n","protected":false},"featured_media":461,"comment_status":"open","ping_status":"closed","template":"","meta":{"_monsterinsights_skip_tracking":false,"_monsterinsights_sitenote_active":false,"_monsterinsights_sitenote_note":"","_monsterinsights_sitenote_category":0},"product_cat":[72],"product_tag":[],"yst_prominent_words":[],"_links":{"self":[{"href":"https:\/\/nexsperu.com\/index.php\/wp-json\/wp\/v2\/product\/460"}],"collection":[{"href":"https:\/\/nexsperu.com\/index.php\/wp-json\/wp\/v2\/product"}],"about":[{"href":"https:\/\/nexsperu.com\/index.php\/wp-json\/wp\/v2\/types\/product"}],"replies":[{"embeddable":true,"href":"https:\/\/nexsperu.com\/index.php\/wp-json\/wp\/v2\/comments?post=460"}],"wp:featuredmedia":[{"embeddable":true,"href":"https:\/\/nexsperu.com\/index.php\/wp-json\/wp\/v2\/media\/461"}],"wp:attachment":[{"href":"https:\/\/nexsperu.com\/index.php\/wp-json\/wp\/v2\/media?parent=460"}],"wp:term":[{"taxonomy":"product_cat","embeddable":true,"href":"https:\/\/nexsperu.com\/index.php\/wp-json\/wp\/v2\/product_cat?post=460"},{"taxonomy":"product_tag","embeddable":true,"href":"https:\/\/nexsperu.com\/index.php\/wp-json\/wp\/v2\/product_tag?post=460"},{"taxonomy":"yst_prominent_words","embeddable":true,"href":"https:\/\/nexsperu.com\/index.php\/wp-json\/wp\/v2\/yst_prominent_words?post=460"}],"curies":[{"name":"wp","href":"https:\/\/api.w.org\/{rel}","templated":true}]}}