{"id":472,"date":"2021-11-17T17:13:48","date_gmt":"2021-11-17T17:13:48","guid":{"rendered":"http:\/\/nexsperu.com\/?post_type=product&#038;p=472"},"modified":"2021-11-17T17:52:08","modified_gmt":"2021-11-17T17:52:08","slug":"lrs-75","status":"publish","type":"product","link":"https:\/\/nexsperu.com\/index.php\/producto\/lrs-75\/","title":{"rendered":"LRS-75"},"content":{"rendered":"<p>La serie LRS-75 es una fuente de alimentaci\u00f3n de tipo cerrado de salida \u00fanica de 75 W con 30 mm de dise\u00f1o de perfil bajo.\u00a0Adoptando la entrada de rango completo 85 ~ 264VAC, toda la serie proporciona una l\u00ednea de voltaje de salida de 5V, 12V, 15V, 24V, 36V y 48V.<\/p>\n","protected":false},"excerpt":{"rendered":"<a class=\"button  button_size_2\" href=\"http:\/\/nexsperu.com\/wp-content\/uploads\/2021\/11\/LRS-75-24.pdf\" target=\"_blank\"   ><span class=\"button_label\">Ver ficha t\u00e9cnica<\/span><\/a>\n\n","protected":false},"featured_media":473,"comment_status":"open","ping_status":"closed","template":"","meta":{"_monsterinsights_skip_tracking":false,"_monsterinsights_sitenote_active":false,"_monsterinsights_sitenote_note":"","_monsterinsights_sitenote_category":0},"product_cat":[33],"product_tag":[],"yst_prominent_words":[],"_links":{"self":[{"href":"https:\/\/nexsperu.com\/index.php\/wp-json\/wp\/v2\/product\/472"}],"collection":[{"href":"https:\/\/nexsperu.com\/index.php\/wp-json\/wp\/v2\/product"}],"about":[{"href":"https:\/\/nexsperu.com\/index.php\/wp-json\/wp\/v2\/types\/product"}],"replies":[{"embeddable":true,"href":"https:\/\/nexsperu.com\/index.php\/wp-json\/wp\/v2\/comments?post=472"}],"wp:featuredmedia":[{"embeddable":true,"href":"https:\/\/nexsperu.com\/index.php\/wp-json\/wp\/v2\/media\/473"}],"wp:attachment":[{"href":"https:\/\/nexsperu.com\/index.php\/wp-json\/wp\/v2\/media?parent=472"}],"wp:term":[{"taxonomy":"product_cat","embeddable":true,"href":"https:\/\/nexsperu.com\/index.php\/wp-json\/wp\/v2\/product_cat?post=472"},{"taxonomy":"product_tag","embeddable":true,"href":"https:\/\/nexsperu.com\/index.php\/wp-json\/wp\/v2\/product_tag?post=472"},{"taxonomy":"yst_prominent_words","embeddable":true,"href":"https:\/\/nexsperu.com\/index.php\/wp-json\/wp\/v2\/yst_prominent_words?post=472"}],"curies":[{"name":"wp","href":"https:\/\/api.w.org\/{rel}","templated":true}]}}