{"id":724,"date":"2023-02-04T19:02:06","date_gmt":"2023-02-04T19:02:06","guid":{"rendered":"http:\/\/nexsperu.com\/?post_type=product&#038;p=724"},"modified":"2023-02-05T17:55:11","modified_gmt":"2023-02-05T17:55:11","slug":"patch-cord-fca-apc-fca-apc","status":"publish","type":"product","link":"https:\/\/nexsperu.com\/index.php\/producto\/patch-cord-fca-apc-fca-apc\/","title":{"rendered":"Patch cord FC\/APC-FC\/APC"},"content":{"rendered":"<h4><strong>Patch Cord, Amarillo FC\/APC-FC\/APC<\/strong><\/h4>\n<ul>\n<li>\u00a0Fibra \u00f3ptica patch Cord<br \/>\n<table width=\"566\">\n<tbody>\n<tr>\n<td rowspan=\"3\" width=\"155\"><strong>Especificaci\u00f3n<\/strong><\/td>\n<td rowspan=\"3\" width=\"81\"><strong>Unidad<\/strong><\/td>\n<td width=\"162\"><strong>Cables blindados FC<\/strong><\/td>\n<td width=\"169\"><strong>E2000<\/strong><\/td>\n<\/tr>\n<tr>\n<td width=\"162\"><strong>Modo \u00fanico<\/strong><\/td>\n<td width=\"169\"><strong>Modo \u00fanico<\/strong><\/td>\n<\/tr>\n<tr>\n<td width=\"162\"><strong>APC<\/strong><\/td>\n<td width=\"169\"><strong>APC<\/strong><\/td>\n<\/tr>\n<tr>\n<td width=\"155\">P\u00e9rdida de inserci\u00f3n<\/td>\n<td width=\"81\">DB<\/td>\n<td width=\"162\">\u2264 0,3<\/td>\n<td width=\"169\">\u2264 0,3<\/td>\n<\/tr>\n<tr>\n<td width=\"155\">P\u00e9rdida de retorno<\/td>\n<td width=\"81\">DB<\/td>\n<td width=\"162\">\u2265 60<\/td>\n<td width=\"169\">\u2265 75<\/td>\n<\/tr>\n<tr>\n<td width=\"155\">Longitud de onda<\/td>\n<td width=\"81\">Nm<\/td>\n<td width=\"162\">1310,1510<\/td>\n<td width=\"169\">1310,1510<\/td>\n<\/tr>\n<tr>\n<td width=\"155\">Intercambiabilidad<\/td>\n<td width=\"81\">DB<\/td>\n<td width=\"162\">\u2264 0,2<\/td>\n<td width=\"169\">\u2264 0,2<\/td>\n<\/tr>\n<tr>\n<td width=\"155\">Vibraci\u00f3n<\/td>\n<td width=\"81\">DB<\/td>\n<td width=\"162\">\u2264 0,2<\/td>\n<td width=\"169\">\u2264 0,2<\/td>\n<\/tr>\n<tr>\n<td width=\"155\">Temperatura de funcionamiento<\/td>\n<td width=\"81\">\u2103<\/td>\n<td width=\"162\">-40 ~ 75<\/td>\n<td width=\"169\">-40 ~ 75<\/td>\n<\/tr>\n<tr>\n<td width=\"155\">Temperatura de almacenamiento<\/td>\n<td width=\"81\">\u2103<\/td>\n<td width=\"162\">-45 ~ 85<\/td>\n<td width=\"169\">-45 ~ 85<\/td>\n<\/tr>\n<tr>\n<td width=\"155\">Di\u00e1metro del Cable<\/td>\n<td width=\"81\">Mm<\/td>\n<td width=\"162\">&amp; Phi; 3,0, &amp; phi; 2,0, &amp; phi; 0,9<\/td>\n<td width=\"169\">&amp; Phi; 3,0, &amp; phi; 2,0, &amp; phi; 0,9<\/td>\n<\/tr>\n<\/tbody>\n<\/table>\n<\/li>\n<li>\u00a0PC-FCA\/FCA-S-S 3.0-5M,<\/li>\n<li>N\u00facleo simple \u233d3.0mm<\/li>\n<li>Chaqueta LSZH<\/li>\n<li>SMF-28e, 9\/125, 3.0mm<\/li>\n<li>Longitud:5 metros<\/li>\n<\/ul>\n","protected":false},"excerpt":{"rendered":"<p>Patch Cord, Amarillo FC\/APC-FC\/APC \u00a0Fibra \u00f3ptica patch Cord Especificaci\u00f3n Unidad Cables blindados FC E2000 Modo \u00fanico Modo \u00fanico APC APC P\u00e9rdida de inserci\u00f3n DB \u2264 0,3<span class=\"excerpt-hellip\"> [\u2026]<\/span><\/p>\n","protected":false},"featured_media":725,"comment_status":"open","ping_status":"closed","template":"","meta":{"_monsterinsights_skip_tracking":false,"_monsterinsights_sitenote_active":false,"_monsterinsights_sitenote_note":"","_monsterinsights_sitenote_category":0},"product_cat":[72],"product_tag":[],"yst_prominent_words":[],"_links":{"self":[{"href":"https:\/\/nexsperu.com\/index.php\/wp-json\/wp\/v2\/product\/724"}],"collection":[{"href":"https:\/\/nexsperu.com\/index.php\/wp-json\/wp\/v2\/product"}],"about":[{"href":"https:\/\/nexsperu.com\/index.php\/wp-json\/wp\/v2\/types\/product"}],"replies":[{"embeddable":true,"href":"https:\/\/nexsperu.com\/index.php\/wp-json\/wp\/v2\/comments?post=724"}],"wp:featuredmedia":[{"embeddable":true,"href":"https:\/\/nexsperu.com\/index.php\/wp-json\/wp\/v2\/media\/725"}],"wp:attachment":[{"href":"https:\/\/nexsperu.com\/index.php\/wp-json\/wp\/v2\/media?parent=724"}],"wp:term":[{"taxonomy":"product_cat","embeddable":true,"href":"https:\/\/nexsperu.com\/index.php\/wp-json\/wp\/v2\/product_cat?post=724"},{"taxonomy":"product_tag","embeddable":true,"href":"https:\/\/nexsperu.com\/index.php\/wp-json\/wp\/v2\/product_tag?post=724"},{"taxonomy":"yst_prominent_words","embeddable":true,"href":"https:\/\/nexsperu.com\/index.php\/wp-json\/wp\/v2\/yst_prominent_words?post=724"}],"curies":[{"name":"wp","href":"https:\/\/api.w.org\/{rel}","templated":true}]}}