{"id":770,"date":"2023-02-06T00:49:50","date_gmt":"2023-02-06T00:49:50","guid":{"rendered":"http:\/\/nexsperu.com\/?post_type=product&#038;p=770"},"modified":"2023-02-06T01:40:26","modified_gmt":"2023-02-06T01:40:26","slug":"analizador-de-antenas-bird","status":"publish","type":"product","link":"https:\/\/nexsperu.com\/index.php\/producto\/analizador-de-antenas-bird\/","title":{"rendered":"Analizador  de antenas BIRD"},"content":{"rendered":"<h2><\/h2>\n<h2><strong><span style=\"color: #0000ff;\">caracter\u00edsticas\u00a0<\/span><\/strong><\/h2>\n<p><strong>SA-3600XT, 25-3600 MHz Site Analyzer<\/strong>\u00a0\u00a0es f\u00e1cil de operar y est\u00e1 listo para el campo para usuarios principiantes, ocasionales y experimentados.\u00a0Otras aplicaciones incluyen 3G, difusi\u00f3n, gobierno, t\u00e1ctica militar, microondas, paginaci\u00f3n, seguridad p\u00fablica, <strong>enlace troncal, WLAN y WLL, y TETRA.<\/strong><\/p>\n<p>La pantalla a color es claramente visible bajo la luz solar directa.\u00a0Con una sola descarga, puede ver datos como Distancia a la falla o Coincidencia de medici\u00f3n, sin necesidad de almacenar dos trazas.\u00a0El m\u00e9todo de medici\u00f3n <strong>FDR (Reflectometr\u00eda de dominio de frecuencia)<\/strong> da como resultado una evaluaci\u00f3n altamente confiable de la salud de los componentes cr\u00edticos en su sistema;\u00a0en \u00faltima instancia, proporcionando un \u00abaviso\u00bb antes de que ocurra una falla.<\/p>\n<p>La ubicaci\u00f3n de la falla o el modo DTF indican los niveles de VSWR o p\u00e9rdida de retorno en cada punto a lo largo de la longitud del sistema de cable y antena.\u00a0La funci\u00f3n de p\u00e9rdida de cable mide la p\u00e9rdida de inserci\u00f3n del sistema de cable en un rango de frecuencia dado.\u00a0Puertos de comunicaci\u00f3n USB para conexi\u00f3n a PC, sensores de campo y dispositivos de almacenamiento.<\/p>\n<p><strong>APLICACIONES<\/strong><\/p>\n<ul>\n<li>Apto para uso en sistemas Worldwide Cellular y PCS\/DCS;\u00a0admite la medici\u00f3n de esquemas de<strong> modulaci\u00f3n CDMA, GSM, TDMA y AMPS.<\/strong><\/li>\n<li>Otras aplicaciones incluyen 3G, difusi\u00f3n, gobierno, t\u00e1ctica militar, microondas, paginaci\u00f3n, seguridad p\u00fablica, enlace troncal, <strong>WLAN y WLL, y TETRA.<\/strong><\/li>\n<li style=\"text-align: left;\"><strong>Frequency Range\u00a0 \u00a0 \u00a0 \u00a0 \u00a0 \u00a0 \u00a0SA-3600XT\u00a0 \u00a0 \u00a0 \u00a0. 25-3600 MHz\u00a0 \u00a0<\/strong> \u00a0 \u00a0 \u00a0 \u00a0 \u00a0 \u00a0 \u00a0 \u00a0 \u00a0 \u00a0 \u00a0 \u00a0 \u00a0 \u00a0 \u00a0 \u00a0 \u00a0 \u00a0 \u00a0 \u00a0 <strong>\u00a0<\/strong><\/li>\n<li style=\"text-align: left;\"><strong>Frequency Resolution\u00a0 \u00a0 <\/strong><\/li>\n<li style=\"text-align: left;\"><strong>SA-3600XT\u00a0 \u00a0 \u00a0 \u00a0 \u00a0. 25 kHz; 25-800 MHz,\u00a0<\/strong><br \/>\n<strong>\u00a0 \u00a0 \u00a0 \u00a0 \u00a0 \u00a0 \u00a0 \u00a0 \u00a0 \u00a0 \u00a0 \u00a0 \u00a0 \u00a0 \u00a0.\u00a0 50 kHz; 800-2500 MHz,\u00a0 \u00a0 \u00a0 \u00a0 \u00a0 \u00a0 \u00a0 \u00a0 \u00a0 \u00a0 \u00a0 \u00a0 \u00a0 \u00a0 <\/strong><\/li>\n<li><strong>\u00a0 \u00a0 \u00a0 \u00a0 \u00a0 \u00a0 \u00a0 \u00a0 \u00a0 \u00a0 \u00a0 \u00a0 \u00a0 \u00a0 \u00a0. Soft Carrying Case 7002A850<\/strong><br \/>\n<strong>\u00a0 \u00a0 \u00a0 \u00a0 \u00a0 \u00a0 \u00a0 \u00a0 \u00a0 \u00a0 \u00a0 \u00a0 \u00a0 \u00a0 \u00a0. 150 kHz; 2500-3600 MHz\u00a0 \u00a0 \u00a0 \u00a0 \u00a0 \u00a0 \u00a0 \u00a0 \u00a0 \u00a0 \u00a0 \u00a0 \u00a0\u00a0<\/strong><\/li>\n<\/ul>\n","protected":false},"excerpt":{"rendered":"<a class=\"button  button_size_2\" href=\"http:\/\/nexsperu.com\/wp-content\/uploads\/2023\/02\/SA-XT_BIRD-Manual.pdf\" target=\"_blank\"   ><span class=\"button_label\">Ver manual<\/span><\/a>\n\n<a class=\"button  button_size_2\" href=\"http:\/\/nexsperu.com\/wp-content\/uploads\/2023\/02\/SA-3600XT_BIRD_DATASHEET.pdf\" target=\"_blank\"   ><span class=\"button_label\">Ver ficha t\u00e9cnica<\/span><\/a>\n\n<p>&nbsp;<\/p>\n","protected":false},"featured_media":763,"comment_status":"open","ping_status":"closed","template":"","meta":{"_monsterinsights_skip_tracking":false,"_monsterinsights_sitenote_active":false,"_monsterinsights_sitenote_note":"","_monsterinsights_sitenote_category":0},"product_cat":[69],"product_tag":[],"yst_prominent_words":[],"_links":{"self":[{"href":"https:\/\/nexsperu.com\/index.php\/wp-json\/wp\/v2\/product\/770"}],"collection":[{"href":"https:\/\/nexsperu.com\/index.php\/wp-json\/wp\/v2\/product"}],"about":[{"href":"https:\/\/nexsperu.com\/index.php\/wp-json\/wp\/v2\/types\/product"}],"replies":[{"embeddable":true,"href":"https:\/\/nexsperu.com\/index.php\/wp-json\/wp\/v2\/comments?post=770"}],"wp:featuredmedia":[{"embeddable":true,"href":"https:\/\/nexsperu.com\/index.php\/wp-json\/wp\/v2\/media\/763"}],"wp:attachment":[{"href":"https:\/\/nexsperu.com\/index.php\/wp-json\/wp\/v2\/media?parent=770"}],"wp:term":[{"taxonomy":"product_cat","embeddable":true,"href":"https:\/\/nexsperu.com\/index.php\/wp-json\/wp\/v2\/product_cat?post=770"},{"taxonomy":"product_tag","embeddable":true,"href":"https:\/\/nexsperu.com\/index.php\/wp-json\/wp\/v2\/product_tag?post=770"},{"taxonomy":"yst_prominent_words","embeddable":true,"href":"https:\/\/nexsperu.com\/index.php\/wp-json\/wp\/v2\/yst_prominent_words?post=770"}],"curies":[{"name":"wp","href":"https:\/\/api.w.org\/{rel}","templated":true}]}}