{"id":780,"date":"2023-02-06T03:00:33","date_gmt":"2023-02-06T03:00:33","guid":{"rendered":"http:\/\/nexsperu.com\/?post_type=product&#038;p=780"},"modified":"2024-08-17T19:38:56","modified_gmt":"2024-08-17T19:38:56","slug":"antena-dipolo-vertical-fm","status":"publish","type":"product","link":"https:\/\/nexsperu.com\/index.php\/producto\/antena-dipolo-vertical-fm\/","title":{"rendered":"Antena dipolo Vertical FM"},"content":{"rendered":"<h4><strong>Antena dipolo\u00a0 FM\u00a0 vertical y horizontal omnidireccional\u00a0<\/strong><\/h4>\n<ul>\n<li>Esta antena dipolo MT-5001FM banda ancha desde 87.5 MHz hasta 88 MHz<\/li>\n<li>est\u00e1 especialmente dise\u00f1ado para el sistema de radiodifusi\u00f3n de FM, para recibir la se\u00f1al de potencia de salida del transmisor de radio FM y enviar la se\u00f1al a cabo de manera eficiente.<\/li>\n<li>Tipo: Dipolo vertical omnidireccionalImpedancia :\u00a0 \u00a0 \u00a0 \u00a050 OhmAncho de banda :\u00a0 \u00a0 \u00a0 \u00a0 \u00a0 \u00a0 \u00a0 87.5 Mhz -108 MhzPolarizaci\u00f3n\u00a0 :\u00a0 \u00a0 \u00a0Vertical-Horizontal-OblicuaGanancia\u00a0 \u00a0 :\u00a0 \u00a0 \u00a0 \u00a0 \u00a01.5dBd<\/li>\n<li>M\u00e1xima energ\u00eda soportada:\u00a0 \u00a0 \u00a0 2500WConector :\u00a0 \u00a0 \u00a0 \u00a0 \u00a0 N,7\/16,EIAMateriales:\u00a0 \u00a0 \u00a0 Aluminio-Acero inoxidable, lat\u00f3n, cobre berilio, tefl\u00f3nFijaci\u00f3n Abrazaderas de acero inoxidable \/ molde de\u00a0 fundido de aluminio de alta calidad validos para tubos de 50\u00a0 a 100mmAmplitud horizontal\u00a0\u00a0\u00a0\u00a0\u00a0\u00a0\u00a0 165\u00baAmplitud vertical\u00a0\u00a0\u00a0\u00a0\u00a0\u00a0\u00a0\u00a0\u00a0\u00a0\u00a0\u00a0 70\u00ba<\/li>\n<\/ul>\n","protected":false},"excerpt":{"rendered":"<p>Antena dipolo\u00a0 FM\u00a0 vertical y horizontal omnidireccional\u00a0 Esta antena dipolo MT-5001FM banda ancha desde 87.5 MHz hasta 88 MHz est\u00e1 especialmente dise\u00f1ado para el sistema de<span class=\"excerpt-hellip\"> [\u2026]<\/span><\/p>\n","protected":false},"featured_media":810,"comment_status":"open","ping_status":"closed","template":"","meta":{"_monsterinsights_skip_tracking":false,"_monsterinsights_sitenote_active":false,"_monsterinsights_sitenote_note":"","_monsterinsights_sitenote_category":0},"product_cat":[72],"product_tag":[],"yst_prominent_words":[],"_links":{"self":[{"href":"https:\/\/nexsperu.com\/index.php\/wp-json\/wp\/v2\/product\/780"}],"collection":[{"href":"https:\/\/nexsperu.com\/index.php\/wp-json\/wp\/v2\/product"}],"about":[{"href":"https:\/\/nexsperu.com\/index.php\/wp-json\/wp\/v2\/types\/product"}],"replies":[{"embeddable":true,"href":"https:\/\/nexsperu.com\/index.php\/wp-json\/wp\/v2\/comments?post=780"}],"wp:featuredmedia":[{"embeddable":true,"href":"https:\/\/nexsperu.com\/index.php\/wp-json\/wp\/v2\/media\/810"}],"wp:attachment":[{"href":"https:\/\/nexsperu.com\/index.php\/wp-json\/wp\/v2\/media?parent=780"}],"wp:term":[{"taxonomy":"product_cat","embeddable":true,"href":"https:\/\/nexsperu.com\/index.php\/wp-json\/wp\/v2\/product_cat?post=780"},{"taxonomy":"product_tag","embeddable":true,"href":"https:\/\/nexsperu.com\/index.php\/wp-json\/wp\/v2\/product_tag?post=780"},{"taxonomy":"yst_prominent_words","embeddable":true,"href":"https:\/\/nexsperu.com\/index.php\/wp-json\/wp\/v2\/yst_prominent_words?post=780"}],"curies":[{"name":"wp","href":"https:\/\/api.w.org\/{rel}","templated":true}]}}