{"id":798,"date":"2023-02-08T16:45:09","date_gmt":"2023-02-08T16:45:09","guid":{"rendered":"http:\/\/nexsperu.com\/?post_type=product&#038;p=798"},"modified":"2023-02-08T17:11:23","modified_gmt":"2023-02-08T17:11:23","slug":"antena-yagi-3-elementos","status":"publish","type":"product","link":"https:\/\/nexsperu.com\/index.php\/producto\/antena-yagi-3-elementos\/","title":{"rendered":"Antena Yagi 3 Elementos"},"content":{"rendered":"<h1 class=\"tt wow fadeInUp\">Antena Yagi de 3 elementos MT-Y3FM<\/h1>\n<div class=\"txt wow fadeIn\" data-wow-delay=\"0.4s\">\n<ul>\n<li>MT-Y3FM Es una\u00a0 <strong>antena direccional<\/strong> de<strong> banda ancha FM<\/strong>\u00a0 <strong>3\u00a0 elementos<\/strong>. est\u00e1 dise\u00f1ada para la banda de transmisi\u00f3n de<strong> FM (87,5 -108 MHz)<\/strong>,<\/li>\n<li>Est\u00e1n hechos de acero inoxidable y Aluminio\u00a0 est\u00e1n especialmente dise\u00f1ados para transmisores de potencia de salida baja, media y alta.<\/li>\n<li>El dise\u00f1o robusto de estas antenas las hace adecuadas para cualquier condici\u00f3n clim\u00e1tica y duraci\u00f3n de vida \u00fatil, se han utilizado materiales de alta calidad y seleccionados en cualquier detalle: todos los aisladores est\u00e1n hechos de PTFE y los tornillos son de acero inoxidable.<\/li>\n<li>Las partes met\u00e1licas est\u00e1n conectadas a tierra.<\/li>\n<li>Rango de frecuencia 87,5\u00f7108 MHz<\/li>\n<li>Ganancia 5,2 \u00f7 4,5 dBd<\/li>\n<li>VSWR \u22641.5\u00f71 Banda ancha<\/li>\n<li>Haz de media potencia E plano 67\u00b0 \u2014 H plano 130\u00b0<\/li>\n<li>Relaci\u00f3n de adelante hacia atr\u00e1s (F\/B) &gt;17 dB<\/li>\n<li>polarizaci\u00f3n lineal<\/li>\n<li>Patr\u00f3n de Radiaci\u00f3n: Direccional<\/li>\n<li>Conector: N, DIN 7\/16\u201d o EIA 7\/8\u201d<\/li>\n<li>Impedancia de entrada: 50\u03a9<\/li>\n<li>Potencia m\u00e1xima nominal 2,5 Kw \u2014 5 Kw<\/li>\n<\/ul>\n<\/div>\n","protected":false},"excerpt":{"rendered":"<p>Antena Yagi de 3 elementos MT-Y3FM MT-Y3FM Es una\u00a0 antena direccional de banda ancha FM\u00a0 3\u00a0 elementos. est\u00e1 dise\u00f1ada para la banda de transmisi\u00f3n de FM<span class=\"excerpt-hellip\"> [\u2026]<\/span><\/p>\n","protected":false},"featured_media":801,"comment_status":"open","ping_status":"closed","template":"","meta":{"_monsterinsights_skip_tracking":false,"_monsterinsights_sitenote_active":false,"_monsterinsights_sitenote_note":"","_monsterinsights_sitenote_category":0},"product_cat":[72],"product_tag":[],"yst_prominent_words":[],"_links":{"self":[{"href":"https:\/\/nexsperu.com\/index.php\/wp-json\/wp\/v2\/product\/798"}],"collection":[{"href":"https:\/\/nexsperu.com\/index.php\/wp-json\/wp\/v2\/product"}],"about":[{"href":"https:\/\/nexsperu.com\/index.php\/wp-json\/wp\/v2\/types\/product"}],"replies":[{"embeddable":true,"href":"https:\/\/nexsperu.com\/index.php\/wp-json\/wp\/v2\/comments?post=798"}],"wp:featuredmedia":[{"embeddable":true,"href":"https:\/\/nexsperu.com\/index.php\/wp-json\/wp\/v2\/media\/801"}],"wp:attachment":[{"href":"https:\/\/nexsperu.com\/index.php\/wp-json\/wp\/v2\/media?parent=798"}],"wp:term":[{"taxonomy":"product_cat","embeddable":true,"href":"https:\/\/nexsperu.com\/index.php\/wp-json\/wp\/v2\/product_cat?post=798"},{"taxonomy":"product_tag","embeddable":true,"href":"https:\/\/nexsperu.com\/index.php\/wp-json\/wp\/v2\/product_tag?post=798"},{"taxonomy":"yst_prominent_words","embeddable":true,"href":"https:\/\/nexsperu.com\/index.php\/wp-json\/wp\/v2\/yst_prominent_words?post=798"}],"curies":[{"name":"wp","href":"https:\/\/api.w.org\/{rel}","templated":true}]}}